{"id":6337,"date":"2024-07-13T21:59:39","date_gmt":"2024-07-13T21:59:39","guid":{"rendered":"https:\/\/filcari.be\/?page_id=6337"},"modified":"2024-09-16T13:40:48","modified_gmt":"2024-09-16T13:40:48","slug":"a-propos-de-nous","status":"publish","type":"page","link":"http:\/\/filcari.be\/fr\/a-propos-de-nous\/","title":{"rendered":"\u00c0 propos de Nous"},"content":{"rendered":"\t\t<div data-elementor-type=\"wp-page\" data-elementor-id=\"6337\" class=\"elementor elementor-6337\" data-elementor-post-type=\"page\">\n\t\t\t\t\t\t<section class=\"elementor-section elementor-top-section elementor-element elementor-element-42f491f4 elementor-section-content-middle elementor-section-boxed elementor-section-height-default elementor-section-height-default wpr-particle-no wpr-jarallax-no wpr-parallax-no wpr-sticky-section-no\" data-id=\"42f491f4\" data-element_type=\"section\">\n\t\t\t\t\t\t<div class=\"elementor-container elementor-column-gap-no\">\n\t\t\t\t\t<div class=\"elementor-column elementor-col-50 elementor-top-column elementor-element elementor-element-216e09b5\" data-id=\"216e09b5\" data-element_type=\"column\">\n\t\t\t<div class=\"elementor-widget-wrap elementor-element-populated\">\n\t\t\t\t\t\t<div class=\"elementor-element elementor-element-426b4e29 elementor-widget elementor-widget-heading\" data-id=\"426b4e29\" data-element_type=\"widget\" data-widget_type=\"heading.default\">\n\t\t\t\t<div class=\"elementor-widget-container\">\n\t\t\t<h1 class=\"elementor-heading-title elementor-size-default\">\u00c0 propos de nous<\/h1>\t\t<\/div>\n\t\t\t\t<\/div>\n\t\t\t\t<div class=\"elementor-element elementor-element-503acce5 elementor-widget elementor-widget-text-editor\" data-id=\"503acce5\" data-element_type=\"widget\" data-widget_type=\"text-editor.default\">\n\t\t\t\t<div class=\"elementor-widget-container\">\n\t\t\t\t\t\t\t<p class=\"p1\"><span class=\"s1\">Nous sommes heureux de vous pr\u00e9senter notre entreprise en quelques mots : <strong>FILCARI Construct<\/strong> &#8211; Nous sommes une entreprise sp\u00e9cialis\u00e9e dans le secteur de la construction.<\/span><\/p>\t\t\t\t\t\t<\/div>\n\t\t\t\t<\/div>\n\t\t\t\t\t<\/div>\n\t\t<\/div>\n\t\t\t\t<div class=\"elementor-column elementor-col-50 elementor-top-column elementor-element elementor-element-381bd0e5\" data-id=\"381bd0e5\" data-element_type=\"column\">\n\t\t\t<div class=\"elementor-widget-wrap elementor-element-populated\">\n\t\t\t\t\t\t<div class=\"elementor-element elementor-element-324fe13b elementor-widget elementor-widget-image\" data-id=\"324fe13b\" data-element_type=\"widget\" data-widget_type=\"image.default\">\n\t\t\t\t<div class=\"elementor-widget-container\">\n\t\t\t\t\t\t\t\t\t\t\t\t\t<img fetchpriority=\"high\" decoding=\"async\" width=\"1824\" height=\"1294\" src=\"https:\/\/filcari.be\/wp-content\/uploads\/2019\/12\/video_home2.jpg\" class=\"attachment-full size-full wp-image-28\" alt=\"\" srcset=\"https:\/\/filcari.be\/wp-content\/uploads\/2019\/12\/video_home2.jpg 1824w, https:\/\/filcari.be\/wp-content\/uploads\/2019\/12\/video_home2-300x213.jpg 300w, https:\/\/filcari.be\/wp-content\/uploads\/2019\/12\/video_home2-1024x726.jpg 1024w, https:\/\/filcari.be\/wp-content\/uploads\/2019\/12\/video_home2-768x545.jpg 768w, https:\/\/filcari.be\/wp-content\/uploads\/2019\/12\/video_home2-1536x1090.jpg 1536w, https:\/\/filcari.be\/wp-content\/uploads\/2019\/12\/video_home2-600x426.jpg 600w\" sizes=\"(max-width: 1824px) 100vw, 1824px\" \/>\t\t\t\t\t\t\t\t\t\t\t\t\t<\/div>\n\t\t\t\t<\/div>\n\t\t\t\t\t<\/div>\n\t\t<\/div>\n\t\t\t\t\t<\/div>\n\t\t<\/section>\n\t\t\t\t<section class=\"elementor-section elementor-top-section elementor-element elementor-element-73c599c5 elementor-section-content-middle elementor-section-height-min-height elementor-section-boxed elementor-section-height-default elementor-section-items-middle wpr-particle-no wpr-jarallax-no wpr-parallax-no wpr-sticky-section-no\" data-id=\"73c599c5\" data-element_type=\"section\" data-settings=\"{&quot;background_background&quot;:&quot;classic&quot;}\">\n\t\t\t\t\t\t\t<div class=\"elementor-background-overlay\"><\/div>\n\t\t\t\t\t\t\t<div class=\"elementor-container elementor-column-gap-narrow\">\n\t\t\t\t\t<div class=\"elementor-column elementor-col-100 elementor-top-column elementor-element elementor-element-2d4c7c06\" data-id=\"2d4c7c06\" data-element_type=\"column\">\n\t\t\t<div class=\"elementor-widget-wrap elementor-element-populated\">\n\t\t\t\t\t\t<div class=\"elementor-element elementor-element-5a1ba744 elementor-widget elementor-widget-heading\" data-id=\"5a1ba744\" data-element_type=\"widget\" data-widget_type=\"heading.default\">\n\t\t\t\t<div class=\"elementor-widget-container\">\n\t\t\t<h2 class=\"elementor-heading-title elementor-size-default\">Quel que soit le type d'ouvrage ou de projet \u00e0 r\u00e9aliser, nous travaillons en \u00e9troite collaboration avec l'architecte, les autres corps de m\u00e9tier et le ma\u00eetre d'ouvrage, afin de garantir un excellent r\u00e9sultat final dans des d\u00e9lais ma\u00eetris\u00e9s, ce qui peut s'av\u00e9rer \u00eatre un actif significatif. .\u00a0<\/br><\/br>\n\nNous pouvons vous proposer un service et un produit de qualit\u00e9, que ce soit en gros \u0153uvre ou en finition : tous types de faux plafonds, cloisons fixes, amovibles ou mobiles, faux planchers techniques, pose de parquet, pose de carrelage, tous types de chapes, travaux de peinture, isolation de fa\u00e7ade. , pl\u00e2trerie, cimenterie, menuiserie int\u00e9rieure, \u00e9lectricit\u00e9, etc.<\/h2>\t\t<\/div>\n\t\t\t\t<\/div>\n\t\t\t\t<div class=\"elementor-element elementor-element-116ada28 elementor-widget elementor-widget-heading\" data-id=\"116ada28\" data-element_type=\"widget\" data-widget_type=\"heading.default\">\n\t\t\t\t<div class=\"elementor-widget-container\">\n\t\t\t<h2 class=\"elementor-heading-title elementor-size-default\">Nous livrons du mat\u00e9riel de haute qualit\u00e9, install\u00e9 par une main d\u2019\u0153uvre qualifi\u00e9e et travaillant sous la direction de notre bureau technique.\u00a0<\/br><\/br>\n\nN'h\u00e9sitez pas \u00e0 nous contacter pour plus d'informations. Nous serions heureux de discuter plus en d\u00e9tail de vos besoins et des services et conseils que nous pouvons vous offrir.<\/h2>\t\t<\/div>\n\t\t\t\t<\/div>\n\t\t\t\t<div class=\"elementor-element elementor-element-11f08cb0 elementor-align-left elementor-mobile-align-center elementor-widget elementor-widget-button\" data-id=\"11f08cb0\" data-element_type=\"widget\" data-widget_type=\"button.default\">\n\t\t\t\t<div class=\"elementor-widget-container\">\n\t\t\t\t\t<div class=\"elementor-button-wrapper\">\n\t\t\t<a class=\"elementor-button elementor-button-link elementor-size-sm\" href=\"https:\/\/filcari.be\/entrer-en-contact\/\">\n\t\t\t\t\t\t<span class=\"elementor-button-content-wrapper\">\n\t\t\t\t\t\t\t\t\t<span class=\"elementor-button-text\">ENTRER EN CONTACT<\/span>\n\t\t\t\t\t<\/span>\n\t\t\t\t\t<\/a>\n\t\t<\/div>\n\t\t\t\t<\/div>\n\t\t\t\t<\/div>\n\t\t\t\t\t<\/div>\n\t\t<\/div>\n\t\t\t\t\t<\/div>\n\t\t<\/section>\n\t\t\t\t<section class=\"elementor-section elementor-top-section elementor-element elementor-element-136fc8be elementor-section-boxed elementor-section-height-default elementor-section-height-default wpr-particle-no wpr-jarallax-no wpr-parallax-no wpr-sticky-section-no\" data-id=\"136fc8be\" data-element_type=\"section\">\n\t\t\t\t\t\t<div class=\"elementor-container elementor-column-gap-no\">\n\t\t\t\t\t<div class=\"elementor-column elementor-col-100 elementor-top-column elementor-element elementor-element-554dcad7\" data-id=\"554dcad7\" data-element_type=\"column\">\n\t\t\t<div class=\"elementor-widget-wrap elementor-element-populated\">\n\t\t\t\t\t\t<div class=\"elementor-element elementor-element-16c72aaf elementor-widget elementor-widget-heading\" data-id=\"16c72aaf\" data-element_type=\"widget\" data-widget_type=\"heading.default\">\n\t\t\t\t<div class=\"elementor-widget-container\">\n\t\t\t<h2 class=\"elementor-heading-title elementor-size-default\">Nos Partenaires<\/h2>\t\t<\/div>\n\t\t\t\t<\/div>\n\t\t\t\t<div class=\"elementor-element elementor-element-664dd5f1 elementor-widget elementor-widget-image-carousel\" data-id=\"664dd5f1\" data-element_type=\"widget\" data-settings=\"{&quot;slides_to_show&quot;:&quot;5&quot;,&quot;slides_to_show_tablet&quot;:&quot;4&quot;,&quot;navigation&quot;:&quot;none&quot;,&quot;pause_on_interaction&quot;:&quot;no&quot;,&quot;image_spacing_custom&quot;:{&quot;unit&quot;:&quot;px&quot;,&quot;size&quot;:57,&quot;sizes&quot;:[]},&quot;slides_to_scroll_tablet&quot;:&quot;1&quot;,&quot;slides_to_show_mobile&quot;:&quot;2&quot;,&quot;slides_to_scroll&quot;:&quot;1&quot;,&quot;autoplay_speed&quot;:1000,&quot;speed&quot;:800,&quot;autoplay&quot;:&quot;yes&quot;,&quot;infinite&quot;:&quot;yes&quot;,&quot;image_spacing_custom_tablet&quot;:{&quot;unit&quot;:&quot;px&quot;,&quot;size&quot;:&quot;&quot;,&quot;sizes&quot;:[]},&quot;image_spacing_custom_mobile&quot;:{&quot;unit&quot;:&quot;px&quot;,&quot;size&quot;:&quot;&quot;,&quot;sizes&quot;:[]}}\" data-widget_type=\"image-carousel.default\">\n\t\t\t\t<div class=\"elementor-widget-container\">\n\t\t\t\t\t<div class=\"elementor-image-carousel-wrapper swiper\" dir=\"ltr\">\n\t\t\t<div class=\"elementor-image-carousel swiper-wrapper\" aria-live=\"off\">\n\t\t\t\t\t\t\t\t<div class=\"swiper-slide\" role=\"group\" aria-roledescription=\"slide\" aria-label=\"1 sur 13\"><figure class=\"swiper-slide-inner\"><img decoding=\"async\" class=\"swiper-slide-image\" src=\"https:\/\/filcari.be\/wp-content\/uploads\/2024\/07\/bosch.png\" alt=\"bosch\" \/><\/figure><\/div><div class=\"swiper-slide\" role=\"group\" aria-roledescription=\"slide\" aria-label=\"2 sur 13\"><figure class=\"swiper-slide-inner\"><img decoding=\"async\" class=\"swiper-slide-image\" src=\"https:\/\/filcari.be\/wp-content\/uploads\/2024\/07\/cin.jpg\" alt=\"cin\" \/><\/figure><\/div><div class=\"swiper-slide\" role=\"group\" aria-roledescription=\"slide\" aria-label=\"3 sur 13\"><figure class=\"swiper-slide-inner\"><img decoding=\"async\" class=\"swiper-slide-image\" src=\"https:\/\/filcari.be\/wp-content\/uploads\/2024\/07\/comap.png\" alt=\"comap\" \/><\/figure><\/div><div class=\"swiper-slide\" role=\"group\" aria-roledescription=\"slide\" aria-label=\"4 sur 13\"><figure class=\"swiper-slide-inner\"><img decoding=\"async\" class=\"swiper-slide-image\" src=\"https:\/\/filcari.be\/wp-content\/uploads\/2024\/07\/geberit.png\" alt=\"geberit\" \/><\/figure><\/div><div class=\"swiper-slide\" role=\"group\" aria-roledescription=\"slide\" aria-label=\"5 sur 13\"><figure class=\"swiper-slide-inner\"><img decoding=\"async\" class=\"swiper-slide-image\" src=\"https:\/\/filcari.be\/wp-content\/uploads\/2024\/07\/grohe.png\" alt=\"grohe\" \/><\/figure><\/div><div class=\"swiper-slide\" role=\"group\" aria-roledescription=\"slide\" aria-label=\"6 sur 13\"><figure class=\"swiper-slide-inner\"><img decoding=\"async\" class=\"swiper-slide-image\" src=\"https:\/\/filcari.be\/wp-content\/uploads\/2024\/07\/junkers.png\" alt=\"junkers\" \/><\/figure><\/div><div class=\"swiper-slide\" role=\"group\" aria-roledescription=\"slide\" aria-label=\"7 sur 13\"><figure class=\"swiper-slide-inner\"><img decoding=\"async\" class=\"swiper-slide-image\" src=\"https:\/\/filcari.be\/wp-content\/uploads\/2024\/07\/knauf.png\" alt=\"knauf\" \/><\/figure><\/div><div class=\"swiper-slide\" role=\"group\" aria-roledescription=\"slide\" aria-label=\"8 sur 13\"><figure class=\"swiper-slide-inner\"><img decoding=\"async\" class=\"swiper-slide-image\" src=\"https:\/\/filcari.be\/wp-content\/uploads\/2024\/07\/legrand.png\" alt=\"legrand\" \/><\/figure><\/div><div class=\"swiper-slide\" role=\"group\" aria-roledescription=\"slide\" aria-label=\"9 sur 13\"><figure class=\"swiper-slide-inner\"><img decoding=\"async\" class=\"swiper-slide-image\" src=\"https:\/\/filcari.be\/wp-content\/uploads\/2024\/07\/levis.png\" alt=\"levis\" \/><\/figure><\/div><div class=\"swiper-slide\" role=\"group\" aria-roledescription=\"slide\" aria-label=\"10 sur 13\"><figure class=\"swiper-slide-inner\"><img decoding=\"async\" class=\"swiper-slide-image\" src=\"https:\/\/filcari.be\/wp-content\/uploads\/2024\/07\/roca.png\" alt=\"roca\" \/><\/figure><\/div><div class=\"swiper-slide\" role=\"group\" aria-roledescription=\"slide\" aria-label=\"11 sur 13\"><figure class=\"swiper-slide-inner\"><img decoding=\"async\" class=\"swiper-slide-image\" src=\"https:\/\/filcari.be\/wp-content\/uploads\/2024\/07\/rockwool.png\" alt=\"rockwool\" \/><\/figure><\/div><div class=\"swiper-slide\" role=\"group\" aria-roledescription=\"slide\" aria-label=\"12 sur 13\"><figure class=\"swiper-slide-inner\"><img decoding=\"async\" class=\"swiper-slide-image\" src=\"https:\/\/filcari.be\/wp-content\/uploads\/2024\/07\/vaillant.png\" alt=\"vaillant\" \/><\/figure><\/div><div class=\"swiper-slide\" role=\"group\" aria-roledescription=\"slide\" aria-label=\"13 sur 13\"><figure class=\"swiper-slide-inner\"><img decoding=\"async\" class=\"swiper-slide-image\" src=\"https:\/\/filcari.be\/wp-content\/uploads\/2024\/07\/velux.png\" alt=\"velux\" \/><\/figure><\/div>\t\t\t<\/div>\n\t\t\t\t\t\t\t\n\t\t\t\t\t\t\t\t\t<\/div>\n\t\t\t\t<\/div>\n\t\t\t\t<\/div>\n\t\t\t\t\t<\/div>\n\t\t<\/div>\n\t\t\t\t\t<\/div>\n\t\t<\/section>\n\t\t\t\t<section class=\"elementor-section elementor-top-section elementor-element elementor-element-52476ff9 elementor-section-content-middle elementor-reverse-tablet elementor-reverse-mobile elementor-section-height-min-height elementor-section-boxed elementor-section-height-default elementor-section-items-middle wpr-particle-no wpr-jarallax-no wpr-parallax-no wpr-sticky-section-no\" data-id=\"52476ff9\" data-element_type=\"section\" data-settings=\"{&quot;background_background&quot;:&quot;classic&quot;}\">\n\t\t\t\t\t\t<div class=\"elementor-container elementor-column-gap-no\">\n\t\t\t\t\t<div class=\"elementor-column elementor-col-100 elementor-top-column elementor-element elementor-element-2b23260e\" data-id=\"2b23260e\" data-element_type=\"column\">\n\t\t\t<div class=\"elementor-widget-wrap elementor-element-populated\">\n\t\t\t\t\t\t<div class=\"elementor-element elementor-element-5317b083 elementor-widget elementor-widget-text-editor\" data-id=\"5317b083\" data-element_type=\"widget\" data-widget_type=\"text-editor.default\">\n\t\t\t\t<div class=\"elementor-widget-container\">\n\t\t\t\t\t\t\t<p>Parlons de votre projet ?<\/p>\t\t\t\t\t\t<\/div>\n\t\t\t\t<\/div>\n\t\t\t\t<div class=\"elementor-element elementor-element-5470b31b elementor-widget elementor-widget-text-editor\" data-id=\"5470b31b\" data-element_type=\"widget\" data-widget_type=\"text-editor.default\">\n\t\t\t\t<div class=\"elementor-widget-container\">\n\t\t\t\t\t\t\t<a style=\"color: #E75013;\" href=\"tel:+32025829600\">+32 02 582 96 00<\/a>\t\t\t\t\t\t<\/div>\n\t\t\t\t<\/div>\n\t\t\t\t<div class=\"elementor-element elementor-element-7fc2b7b5 elementor-widget elementor-widget-text-editor\" data-id=\"7fc2b7b5\" data-element_type=\"widget\" data-widget_type=\"text-editor.default\">\n\t\t\t\t<div class=\"elementor-widget-container\">\n\t\t\t\t\t\t\t<p><a style=\"color: #e75013;\" href=\"mailto:info@filcari.be\">info@filcari.be<\/a><\/p>\t\t\t\t\t\t<\/div>\n\t\t\t\t<\/div>\n\t\t\t\t\t<\/div>\n\t\t<\/div>\n\t\t\t\t\t<\/div>\n\t\t<\/section>\n\t\t\t\t<\/div>\n\t\t","protected":false},"excerpt":{"rendered":"<p>\u00c0 propos de nous Nous sommes heureux de vous pr\u00e9senter notre entreprise en quelques mots : FILCARI Construct &#8211; Nous sommes une entreprise sp\u00e9cialis\u00e9e dans le secteur de la construction. Quel que soit le type d&rsquo;ouvrage ou de projet \u00e0 r\u00e9aliser, nous travaillons en \u00e9troite collaboration avec l&rsquo;architecte, les autres corps de m\u00e9tier et le ma\u00eetre d&rsquo;ouvrage, afin de garantir un excellent r\u00e9sultat final dans des d\u00e9lais ma\u00eetris\u00e9s, ce qui peut s&rsquo;av\u00e9rer \u00eatre un actif significatif. .\u00a0 Nous pouvons vous proposer un service et un produit de qualit\u00e9, que ce soit en gros \u0153uvre ou en finition : tous types de faux plafonds, cloisons fixes, amovibles ou mobiles, faux planchers techniques, pose de parquet, pose de carrelage, tous types de chapes, travaux de peinture, isolation de fa\u00e7ade. , pl\u00e2trerie, cimenterie, menuiserie int\u00e9rieure, \u00e9lectricit\u00e9, etc. Nous livrons du mat\u00e9riel de haute qualit\u00e9, install\u00e9 par une main d\u2019\u0153uvre qualifi\u00e9e et travaillant sous la direction de notre bureau technique.\u00a0 N&rsquo;h\u00e9sitez pas \u00e0 nous contacter pour plus d&rsquo;informations. Nous serions heureux de discuter plus en d\u00e9tail de vos besoins et des services et conseils que nous pouvons vous offrir. ENTRER EN CONTACT Nos Partenaires Parlons de votre projet ? +32 02 582 96 00 info@filcari.be<\/p>\n","protected":false},"author":1,"featured_media":0,"parent":0,"menu_order":0,"comment_status":"closed","ping_status":"closed","template":"elementor_header_footer","meta":{"footnotes":""},"class_list":["post-6337","page","type-page","status-publish","hentry"],"_links":{"self":[{"href":"http:\/\/filcari.be\/fr\/wp-json\/wp\/v2\/pages\/6337","targetHints":{"allow":["GET"]}}],"collection":[{"href":"http:\/\/filcari.be\/fr\/wp-json\/wp\/v2\/pages"}],"about":[{"href":"http:\/\/filcari.be\/fr\/wp-json\/wp\/v2\/types\/page"}],"author":[{"embeddable":true,"href":"http:\/\/filcari.be\/fr\/wp-json\/wp\/v2\/users\/1"}],"replies":[{"embeddable":true,"href":"http:\/\/filcari.be\/fr\/wp-json\/wp\/v2\/comments?post=6337"}],"version-history":[{"count":38,"href":"http:\/\/filcari.be\/fr\/wp-json\/wp\/v2\/pages\/6337\/revisions"}],"predecessor-version":[{"id":6845,"href":"http:\/\/filcari.be\/fr\/wp-json\/wp\/v2\/pages\/6337\/revisions\/6845"}],"wp:attachment":[{"href":"http:\/\/filcari.be\/fr\/wp-json\/wp\/v2\/media?parent=6337"}],"curies":[{"name":"wp","href":"https:\/\/api.w.org\/{rel}","templated":true}]}}